{"id":167,"date":"2020-07-04T20:04:40","date_gmt":"2020-07-04T23:04:40","guid":{"rendered":"https:\/\/www.spavitabella.cl\/?page_id=167"},"modified":"2021-03-10T13:52:14","modified_gmt":"2021-03-10T16:52:14","slug":"tratamientos-y-servicios","status":"publish","type":"page","link":"https:\/\/www.spavitabella.cl\/index.php\/tratamientos-y-servicios\/","title":{"rendered":"Tratamientos y Servicios"},"content":{"rendered":"\n<div class=\"wp-block-group\"><div class=\"wp-block-group__inner-container\">\n<div class=\"wp-block-buttons\"><\/div>\n<\/div><\/div>\n\n\n\n<div class=\"wp-block-columns\">\n<div class=\"wp-block-column\">\n<ul><li><span style=\"color:#000000\" class=\"has-inline-color\">Tratamiento reductivos cuerpo completo.<\/span><\/li><li><span style=\"color:#000000\" class=\"has-inline-color\">Tratamiento reductivos y reafirmantes por zona.<\/span><\/li><li><span style=\"color:#000000\" class=\"has-inline-color\">Levantamiento de gl\u00fateos anticelul\u00edtico.<\/span><\/li><li><span style=\"color:#000000\" class=\"has-inline-color\">Aparatologia moderna.<\/span><\/li><li><span style=\"color:#000000\" class=\"has-inline-color\">Lipocavitacion radiofrecuencia.<\/span><\/li><li><span style=\"color:#000000\" class=\"has-inline-color\">Liposonox.<\/span><\/li><li><span style=\"color:#000000\" class=\"has-inline-color\">Sextopolar.<\/span><\/li><li><span style=\"color:#000000\" class=\"has-inline-color\">Ondas rusas.<\/span><\/li><li><span style=\"color:#000000\" class=\"has-inline-color\">Hidrolipoclacia.<\/span><\/li><li><span style=\"color:#000000\" class=\"has-inline-color\">El\u00e9ctricofisico.<\/span><\/li><\/ul>\n\n\n\n<ul class=\"has-black-color has-text-color\"><li>Masaje relajaci\u00f3n<\/li><li>Masaje terap\u00e9utico antiestr\u00e9s<\/li><li>Masaje descontracturante<\/li><li>Drenaje linf\u00e1tico post operatorio<\/li><li>Extensi\u00f3n de pesta\u00f1as<\/li><li>Microblading<\/li><li>Manicura permanente<\/li><li>Pedicura<\/li><\/ul>\n<\/div>\n\n\n\n<div class=\"wp-block-column\">\n<ul><li><span style=\"color:#000000\" class=\"has-inline-color\">Yesoterapia.<\/span><\/li><li><span style=\"color:#000000\" class=\"has-inline-color\">Crioterapia.<\/span><\/li><li><span style=\"color:#000000\" class=\"has-inline-color\">Rejuvenecimiento facial.<\/span><\/li><li><span style=\"color:#000000\" class=\"has-inline-color\">Tratamiento despigmentante.<\/span><\/li><li><span style=\"color:#000000\" class=\"has-inline-color\">Tratamiento para acn\u00e9.<\/span><\/li><li><span style=\"color:#000000\" class=\"has-inline-color\">Microlifting.<\/span><\/li><li><span style=\"color:#000000\" class=\"has-inline-color\">Lifting facial.<\/span><\/li><li><span style=\"color:#000000\" class=\"has-inline-color\">Hialuronpen.<\/span><\/li><li><span style=\"color:#000000\" class=\"has-inline-color\">Podolog\u00eda Cl\u00ednica, especializada en pie diab\u00e9tico.<\/span><\/li><li><span style=\"color:#000000\" class=\"has-inline-color\">Tratamientos para bajar de peso.<\/span><\/li><li><span style=\"color:#000000\" class=\"has-inline-color\">Auriculoterapia.<\/span><\/li><\/ul>\n\n\n\n<ul class=\"has-black-color has-text-color\"><li>U\u00f1as gel<\/li><li>Cosmetolog\u00eda integral<\/li><li>Rinomodelaci\u00f3n<\/li><li>Perfilado de labios<\/li><li>Aumento de labios<\/li><li>BB glow<\/li><\/ul>\n\n\n\n<p><\/p>\n<\/div>\n<\/div>\n\n\n\n<figure class=\"wp-block-gallery aligncenter columns-3 is-cropped\"><ul class=\"blocks-gallery-grid\"><li class=\"blocks-gallery-item\"><figure><img loading=\"lazy\" width=\"443\" height=\"270\" src=\"https:\/\/www.spavitabella.cl\/wp-content\/uploads\/2020\/07\/IMG-20200704-WA0032.png\" alt=\"\" data-id=\"173\" data-full-url=\"https:\/\/www.spavitabella.cl\/wp-content\/uploads\/2020\/07\/IMG-20200704-WA0032.png\" data-link=\"https:\/\/www.spavitabella.cl\/index.php\/tratamientos-y-servicios\/img-20200704-wa0032\/#main\" class=\"wp-image-173\" srcset=\"https:\/\/www.spavitabella.cl\/wp-content\/uploads\/2020\/07\/IMG-20200704-WA0032.png 443w, https:\/\/www.spavitabella.cl\/wp-content\/uploads\/2020\/07\/IMG-20200704-WA0032-300x183.png 300w, https:\/\/www.spavitabella.cl\/wp-content\/uploads\/2020\/07\/IMG-20200704-WA0032-240x145.png 240w\" sizes=\"(max-width: 443px) 100vw, 443px\" \/><\/figure><\/li><li class=\"blocks-gallery-item\"><figure><img loading=\"lazy\" width=\"465\" height=\"262\" src=\"https:\/\/www.spavitabella.cl\/wp-content\/uploads\/2020\/07\/IMG-20200704-WA0029.png\" alt=\"\" data-id=\"174\" data-full-url=\"https:\/\/www.spavitabella.cl\/wp-content\/uploads\/2020\/07\/IMG-20200704-WA0029.png\" data-link=\"https:\/\/www.spavitabella.cl\/index.php\/tratamientos-y-servicios\/img-20200704-wa0029\/#main\" class=\"wp-image-174\" srcset=\"https:\/\/www.spavitabella.cl\/wp-content\/uploads\/2020\/07\/IMG-20200704-WA0029.png 465w, https:\/\/www.spavitabella.cl\/wp-content\/uploads\/2020\/07\/IMG-20200704-WA0029-300x169.png 300w\" sizes=\"(max-width: 465px) 100vw, 465px\" \/><\/figure><\/li><li class=\"blocks-gallery-item\"><figure><img loading=\"lazy\" width=\"473\" height=\"291\" src=\"https:\/\/www.spavitabella.cl\/wp-content\/uploads\/2020\/07\/IMG-20200704-WA0031-1.png\" alt=\"\" data-id=\"175\" data-full-url=\"https:\/\/www.spavitabella.cl\/wp-content\/uploads\/2020\/07\/IMG-20200704-WA0031-1.png\" data-link=\"https:\/\/www.spavitabella.cl\/index.php\/tratamientos-y-servicios\/img-20200704-wa0031-1\/#main\" class=\"wp-image-175\" srcset=\"https:\/\/www.spavitabella.cl\/wp-content\/uploads\/2020\/07\/IMG-20200704-WA0031-1.png 473w, https:\/\/www.spavitabella.cl\/wp-content\/uploads\/2020\/07\/IMG-20200704-WA0031-1-300x185.png 300w\" sizes=\"(max-width: 473px) 100vw, 473px\" \/><\/figure><\/li><\/ul><\/figure>\n\n\n\n<p><\/p>\n\n\n\n<div style=\"height:50px\" aria-hidden=\"true\" class=\"wp-block-spacer\"><\/div>\n\n\n\n<h2 class=\"has-luminous-vivid-orange-color has-text-color has-large-font-size\"><strong>BB Glow<\/strong><\/h2>\n\n\n\n<p class=\"has-medium-font-size\">El BB Glow no tapa imperfecciones, sino que las difumina de manera progresiva, de ah\u00ed su efecto maquillaje permanente. Elimina o reduce manchas, cicatrices, reduce el tama\u00f1o de los poros dilatados, aten\u00faa las ojeras, alisa las l\u00edneas de expresi\u00f3n, ilumina el tono e hidrata profundamente nuestra piel.<\/p>\n\n\n\n<p class=\"has-medium-font-size\">Una sesi\u00f3n 58.990 a domicilio + recargo (precios sujetos a modificaci\u00f3n)<\/p>\n\n\n\n<p class=\"has-medium-font-size\">Cu\u00e1nto tiempo dura el BB Glow?<\/p>\n\n\n\n<p class=\"has-medium-font-size\">Y es que BB Glow consigue un efecto de piel de porcelana como reci\u00e9n maquillada pero con efecto duradero; no es un maquillaje semipermanente ni un \u201cefecto flash\u201d para aplicar en momentos concretos, sino un tratamiento de medicina est\u00e9tica con componentes de alta cosm\u00e9tica que llega a durar todo un a\u00f1o.<\/p>\n\n\n\n<p class=\"has-medium-font-size\">Y sus principios activos son \u00e1cido hialur\u00f3nico y vitaminas<\/p>\n\n\n\n<p class=\"has-medium-font-size\">Mejorar el brillo e hidrataci\u00f3n de la piel, regularizar la tonalidad de la piel afectada por el fotoenvejecimiento.<\/p>\n\n\n\n<p class=\"has-medium-font-size\">Disminuyen las manchas solares, el acn\u00e9 y mejora la textura de la piel y las l\u00edneas de expresi\u00f3n, debido principalmente a los activos que estimulan la producci\u00f3n de col\u00e1geno y elastina gracias a la micropunci\u00f3n.<\/p>\n\n\n\n<div style=\"height:50px\" aria-hidden=\"true\" class=\"wp-block-spacer\"><\/div>\n\n\n\n<p class=\"has-luminous-vivid-orange-color has-text-color has-large-font-size\"><strong>Acupuntura Auricular<\/strong><\/p>\n\n\n\n<div class=\"wp-block-media-text alignwide has-media-on-the-right is-stacked-on-mobile is-vertically-aligned-center\" style=\"grid-template-columns:auto 30%\"><figure class=\"wp-block-media-text__media\"><img loading=\"lazy\" width=\"150\" height=\"150\" src=\"https:\/\/www.spavitabella.cl\/wp-content\/uploads\/2020\/08\/auric_1-150x150.png\" alt=\"\" class=\"wp-image-719 size-full\"\/><\/figure><div class=\"wp-block-media-text__content\">\n<p class=\"has-medium-font-size\"><em>La auriculoterapia puede tratar la depresi\u00f3n, el estr\u00e9s y la ansiedad.<\/em><\/p>\n\n\n\n<p class=\"has-medium-font-size\">La auriculoterapia trata la ansiedad, la depresi\u00f3n o el estr\u00e9s gracias a la liberaci\u00f3n de endorfinas en el organismo. Adem\u00e1s, lucha contra el insomnio y la falta de concentraci\u00f3n<\/p>\n<\/div><\/div>\n\n\n\n<div style=\"height:56px\" aria-hidden=\"true\" class=\"wp-block-spacer\"><\/div>\n\n\n\n<p class=\"has-luminous-vivid-orange-color has-text-color has-large-font-size\"><strong>Reiki<\/strong><\/p>\n\n\n\n<div class=\"wp-block-media-text alignwide is-stacked-on-mobile is-vertically-aligned-center\" style=\"grid-template-columns:33% auto\"><figure class=\"wp-block-media-text__media\"><img loading=\"lazy\" width=\"150\" height=\"150\" src=\"https:\/\/www.spavitabella.cl\/wp-content\/uploads\/2020\/08\/reiki_1-1-150x150.png\" alt=\"\" class=\"wp-image-730 size-full\"\/><\/figure><div class=\"wp-block-media-text__content\">\n<p class=\"has-medium-font-size\">Reiki es una terapia alternativa que alivia los dolores f\u00edsicos. En esta t\u00e9cnica se considera a la persona de forma global en los cuerpos f\u00edsico, emocional, mental y espiritual, de manera que, no solamente se dirige a suprimir la patolog\u00eda, sino tambi\u00e9n a recuperar el estado natural de equilibrio que produce bienestar y felicidad<\/p>\n<\/div><\/div>\n\n\n\n<div style=\"height:56px\" aria-hidden=\"true\" class=\"wp-block-spacer\"><\/div>\n\n\n\n<h2 class=\"has-luminous-vivid-orange-color has-text-color\"><strong>Reflexolog\u00eda Podal<\/strong><\/h2>\n\n\n\n<div class=\"wp-block-media-text alignwide has-media-on-the-right is-stacked-on-mobile\" style=\"grid-template-columns:auto 44%\"><figure class=\"wp-block-media-text__media\"><img loading=\"lazy\" width=\"1024\" height=\"683\" src=\"https:\/\/www.spavitabella.cl\/wp-content\/uploads\/2020\/08\/reflexo_1-1024x683.png\" alt=\"\" class=\"wp-image-747 size-full\" srcset=\"https:\/\/www.spavitabella.cl\/wp-content\/uploads\/2020\/08\/reflexo_1-1024x683.png 1024w, https:\/\/www.spavitabella.cl\/wp-content\/uploads\/2020\/08\/reflexo_1-300x200.png 300w, https:\/\/www.spavitabella.cl\/wp-content\/uploads\/2020\/08\/reflexo_1-768x512.png 768w, https:\/\/www.spavitabella.cl\/wp-content\/uploads\/2020\/08\/reflexo_1-1536x1024.png 1536w, https:\/\/www.spavitabella.cl\/wp-content\/uploads\/2020\/08\/reflexo_1.png 1920w\" sizes=\"(max-width: 1024px) 100vw, 1024px\" \/><\/figure><div class=\"wp-block-media-text__content\">\n<p class=\"has-medium-font-size\"><em>Beneficios de la reflexolog\u00eda podal<\/em>:<\/p>\n\n\n\n<p class=\"has-medium-font-size\">Produce un efecto relajante que ayuda a eliminar el estr\u00e9s y facilita la relajaci\u00f3n f\u00edsica y mental.<\/p>\n\n\n\n<p class=\"has-medium-font-size\">Estimula la circulaci\u00f3n sangu\u00ednea y linf\u00e1tica.<\/p>\n\n\n\n<p class=\"has-medium-font-size\">Potencia el sistema inmunol\u00f3gico y el potencial de auto sanaci\u00f3n del cuerpo.<\/p>\n\n\n\n<p class=\"has-medium-font-size\">Regula el funcionamiento de los \u00f3rganos de cuerpo.<\/p>\n<\/div><\/div>\n\n\n\n<div style=\"height:100px\" aria-hidden=\"true\" class=\"wp-block-spacer\"><\/div>\n\n\n\n<p class=\"has-luminous-vivid-orange-color has-text-color has-large-font-size\"><strong>Rejuvenecimiento facial<\/strong><\/p>\n\n\n\n<div class=\"wp-block-image is-style-rounded\"><figure class=\"alignright size-large is-resized\"><img loading=\"lazy\" src=\"https:\/\/www.spavitabella.cl\/wp-content\/uploads\/2020\/07\/cara1.png\" alt=\"\" class=\"wp-image-293\" width=\"211\" height=\"263\" srcset=\"https:\/\/www.spavitabella.cl\/wp-content\/uploads\/2020\/07\/cara1.png 469w, https:\/\/www.spavitabella.cl\/wp-content\/uploads\/2020\/07\/cara1-240x300.png 240w\" sizes=\"(max-width: 211px) 100vw, 211px\" \/><figcaption>Rejuvenecimiento Facial<\/figcaption><\/figure><\/div>\n\n\n\n<p class=\"has-medium-font-size\">Esta orientado a detener el paso del tiempo, mejorar el rostro, dar hidrataci\u00f3n a la piel y dar un aspecto m\u00e1s jovial.<\/p>\n\n\n\n<div class=\"wp-block-image is-style-rounded\"><figure class=\"alignright size-large is-resized\"><img loading=\"lazy\" src=\"https:\/\/www.spavitabella.cl\/wp-content\/uploads\/2020\/07\/cara_2.png\" alt=\"\" class=\"wp-image-292\" width=\"264\" height=\"158\" srcset=\"https:\/\/www.spavitabella.cl\/wp-content\/uploads\/2020\/07\/cara_2.png 695w, https:\/\/www.spavitabella.cl\/wp-content\/uploads\/2020\/07\/cara_2-300x180.png 300w, https:\/\/www.spavitabella.cl\/wp-content\/uploads\/2020\/07\/cara_2-240x145.png 240w\" sizes=\"(max-width: 264px) 100vw, 264px\" \/><figcaption>Relleno de Labios<\/figcaption><\/figure><\/div>\n\n\n\n<p class=\"has-text-align-left has-medium-font-size\">&#8211; Aplicaci\u00f3n de vitaminas<\/p>\n\n\n\n<p class=\"has-text-align-left has-medium-font-size\">&#8211; \u00c1cido hialur\u00f3nico<\/p>\n\n\n\n<div style=\"height:49px\" aria-hidden=\"true\" class=\"wp-block-spacer\"><\/div>\n\n\n\n<p class=\"has-luminous-vivid-orange-color has-text-color has-large-font-size\"><strong>Quiromasaje<\/strong><\/p>\n\n\n\n<p class=\"has-medium-font-size\">C\u00f3mo lidiar con el dolor lumbar, cervical, dolores de cabeza e  insomnio<\/p>\n\n\n\n<p class=\"has-medium-font-size\">Los beneficios del masaje son:<\/p>\n\n\n\n<div class=\"wp-block-image is-style-rounded\"><figure class=\"alignright size-large is-resized\"><img loading=\"lazy\" src=\"https:\/\/www.spavitabella.cl\/wp-content\/uploads\/2020\/07\/WhatsApp-Image-2020-07-10-at-19.23.36-1024x460.jpeg\" alt=\"\" class=\"wp-image-711\" width=\"366\" height=\"163\" srcset=\"https:\/\/www.spavitabella.cl\/wp-content\/uploads\/2020\/07\/WhatsApp-Image-2020-07-10-at-19.23.36-1024x460.jpeg 1024w, https:\/\/www.spavitabella.cl\/wp-content\/uploads\/2020\/07\/WhatsApp-Image-2020-07-10-at-19.23.36-300x135.jpeg 300w, https:\/\/www.spavitabella.cl\/wp-content\/uploads\/2020\/07\/WhatsApp-Image-2020-07-10-at-19.23.36-768x345.jpeg 768w, https:\/\/www.spavitabella.cl\/wp-content\/uploads\/2020\/07\/WhatsApp-Image-2020-07-10-at-19.23.36.jpeg 1080w\" sizes=\"(max-width: 366px) 100vw, 366px\" \/><\/figure><\/div>\n\n\n\n<ul><li><span style=\"color:#000000\" class=\"has-inline-color\">Activar la circulaci\u00f3n sangu\u00ednea y de la linfa.<\/span><\/li><li><span style=\"color:#000000\" class=\"has-inline-color\">Elimina toxinas.<\/span><\/li><li><span style=\"color:#000000\" class=\"has-inline-color\">Oxigena los tejidos.<\/span><\/li><li><span style=\"color:#000000\" class=\"has-inline-color\">Libera endorfinas.<\/span><\/li><li><span style=\"color:#000000\" class=\"has-inline-color\">Relaja y ayuda a dormir bien.<\/span><\/li><li><span style=\"color:#000000\" class=\"has-inline-color\">Favorece el sistema nervioso.<\/span><\/li><li><span style=\"color:#000000\" class=\"has-inline-color\">Alivia migra\u00f1as y dolores de cabeza.<\/span><\/li><li><span style=\"color:#000000\" class=\"has-inline-color\">Disminuye la fatiga f\u00edsica<\/span>.<\/li><\/ul>\n\n\n\n<div class=\"wp-block-image is-style-rounded\"><figure class=\"alignright size-large is-resized\"><img loading=\"lazy\" src=\"https:\/\/www.spavitabella.cl\/wp-content\/uploads\/2020\/07\/WhatsApp-Image-2020-07-10-at-19.23.43-1024x478.jpeg\" alt=\"\" class=\"wp-image-710\" width=\"351\" height=\"163\" srcset=\"https:\/\/www.spavitabella.cl\/wp-content\/uploads\/2020\/07\/WhatsApp-Image-2020-07-10-at-19.23.43-1024x478.jpeg 1024w, https:\/\/www.spavitabella.cl\/wp-content\/uploads\/2020\/07\/WhatsApp-Image-2020-07-10-at-19.23.43-300x140.jpeg 300w, https:\/\/www.spavitabella.cl\/wp-content\/uploads\/2020\/07\/WhatsApp-Image-2020-07-10-at-19.23.43-768x359.jpeg 768w, https:\/\/www.spavitabella.cl\/wp-content\/uploads\/2020\/07\/WhatsApp-Image-2020-07-10-at-19.23.43.jpeg 1079w\" sizes=\"(max-width: 351px) 100vw, 351px\" \/><\/figure><\/div>\n","protected":false},"excerpt":{"rendered":"<p>Tratamiento reductivos cuerpo completo. Tratamiento reductivos y reafirmantes por zona. Levantamiento de gl\u00fateos anticelul\u00edtico. Aparatologia moderna. Lipocavitacion radiofrecuencia. Liposonox. Sextopolar. Ondas rusas. Hidrolipoclacia. El\u00e9ctricofisico. Masaje relajaci\u00f3n Masaje terap\u00e9utico antiestr\u00e9s Masaje descontracturante Drenaje linf\u00e1tico post operatorio Extensi\u00f3n de pesta\u00f1as Microblading Manicura permanente Pedicura Yesoterapia. Crioterapia. Rejuvenecimiento facial. Tratamiento despigmentante. Tratamiento para acn\u00e9. Microlifting. Lifting facial. Hialuronpen. Podolog\u00eda Cl\u00ednica, especializada en pie diab\u00e9tico. Tratamientos para bajar de peso. Auriculoterapia. U\u00f1as gel Cosmetolog\u00eda integral Rinomodelaci\u00f3n Perfilado de labios Aumento de labios BB glow BB Glow El BB Glow no tapa imperfecciones, sino que las difumina de manera progresiva, de ah\u00ed su efecto maquillaje&#8230; <\/p>\n","protected":false},"author":1,"featured_media":305,"parent":0,"menu_order":0,"comment_status":"closed","ping_status":"closed","template":"template-no-sidebar.php","meta":[],"yoast_head":"<!-- This site is optimized with the Yoast SEO plugin v14.7 - https:\/\/yoast.com\/wordpress\/plugins\/seo\/ -->\n<title>Tratamientos y Servicios - SPA VitaBella<\/title>\n<meta name=\"robots\" content=\"index, follow\" \/>\n<meta name=\"googlebot\" content=\"index, follow, max-snippet:-1, max-image-preview:large, max-video-preview:-1\" \/>\n<meta name=\"bingbot\" content=\"index, follow, max-snippet:-1, max-image-preview:large, max-video-preview:-1\" \/>\n<link rel=\"canonical\" href=\"https:\/\/www.spavitabella.cl\/index.php\/tratamientos-y-servicios\/\" \/>\n<meta property=\"og:locale\" content=\"es_ES\" \/>\n<meta property=\"og:type\" content=\"article\" \/>\n<meta property=\"og:title\" content=\"Tratamientos y Servicios - SPA VitaBella\" \/>\n<meta property=\"og:description\" content=\"Tratamiento reductivos cuerpo completo. Tratamiento reductivos y reafirmantes por zona. Levantamiento de gl\u00fateos anticelul\u00edtico. Aparatologia moderna. Lipocavitacion radiofrecuencia. Liposonox. Sextopolar. Ondas rusas. Hidrolipoclacia. El\u00e9ctricofisico. Masaje relajaci\u00f3n Masaje terap\u00e9utico antiestr\u00e9s Masaje descontracturante Drenaje linf\u00e1tico post operatorio Extensi\u00f3n de pesta\u00f1as Microblading Manicura permanente Pedicura Yesoterapia. Crioterapia. Rejuvenecimiento facial. Tratamiento despigmentante. Tratamiento para acn\u00e9. Microlifting. Lifting facial. Hialuronpen. Podolog\u00eda Cl\u00ednica, especializada en pie diab\u00e9tico. Tratamientos para bajar de peso. Auriculoterapia. U\u00f1as gel Cosmetolog\u00eda integral Rinomodelaci\u00f3n Perfilado de labios Aumento de labios BB glow BB Glow El BB Glow no tapa imperfecciones, sino que las difumina de manera progresiva, de ah\u00ed su efecto maquillaje...\" \/>\n<meta property=\"og:url\" content=\"https:\/\/www.spavitabella.cl\/index.php\/tratamientos-y-servicios\/\" \/>\n<meta property=\"og:site_name\" content=\"SPA VitaBella\" \/>\n<meta property=\"article:publisher\" content=\"https:\/\/www.facebook.com\/Spavitabella-112811393803058\/\" \/>\n<meta property=\"article:modified_time\" content=\"2021-03-10T16:52:14+00:00\" \/>\n<meta property=\"og:image\" content=\"https:\/\/www.spavitabella.cl\/wp-content\/uploads\/2020\/07\/destacada1.png\" \/>\n\t<meta property=\"og:image:width\" content=\"1914\" \/>\n\t<meta property=\"og:image:height\" content=\"849\" \/>\n<meta name=\"twitter:card\" content=\"summary_large_image\" \/>\n<script type=\"application\/ld+json\" class=\"yoast-schema-graph\">{\"@context\":\"https:\/\/schema.org\",\"@graph\":[{\"@type\":\"Organization\",\"@id\":\"https:\/\/www.spavitabella.cl\/#organization\",\"name\":\"SPA Vita Bella\",\"url\":\"https:\/\/www.spavitabella.cl\/\",\"sameAs\":[\"https:\/\/www.facebook.com\/Spavitabella-112811393803058\/\",\"https:\/\/www.instagram.com\/Spa.vitabella\/\"],\"logo\":{\"@type\":\"ImageObject\",\"@id\":\"https:\/\/www.spavitabella.cl\/#logo\",\"inLanguage\":\"es-CL\",\"url\":\"https:\/\/www.spavitabella.cl\/wp-content\/uploads\/2020\/07\/logo_vitabella_box_canela_128.png\",\"width\":128,\"height\":128,\"caption\":\"SPA Vita Bella\"},\"image\":{\"@id\":\"https:\/\/www.spavitabella.cl\/#logo\"}},{\"@type\":\"WebSite\",\"@id\":\"https:\/\/www.spavitabella.cl\/#website\",\"url\":\"https:\/\/www.spavitabella.cl\/\",\"name\":\"SPA VitaBella\",\"description\":\"Recupera tu Salud y tu Bienestar.\",\"publisher\":{\"@id\":\"https:\/\/www.spavitabella.cl\/#organization\"},\"potentialAction\":[{\"@type\":\"SearchAction\",\"target\":\"https:\/\/www.spavitabella.cl\/?s={search_term_string}\",\"query-input\":\"required name=search_term_string\"}],\"inLanguage\":\"es-CL\"},{\"@type\":\"ImageObject\",\"@id\":\"https:\/\/www.spavitabella.cl\/index.php\/tratamientos-y-servicios\/#primaryimage\",\"inLanguage\":\"es-CL\",\"url\":\"https:\/\/www.spavitabella.cl\/wp-content\/uploads\/2020\/07\/destacada1.png\",\"width\":1914,\"height\":849},{\"@type\":\"WebPage\",\"@id\":\"https:\/\/www.spavitabella.cl\/index.php\/tratamientos-y-servicios\/#webpage\",\"url\":\"https:\/\/www.spavitabella.cl\/index.php\/tratamientos-y-servicios\/\",\"name\":\"Tratamientos y Servicios - SPA VitaBella\",\"isPartOf\":{\"@id\":\"https:\/\/www.spavitabella.cl\/#website\"},\"primaryImageOfPage\":{\"@id\":\"https:\/\/www.spavitabella.cl\/index.php\/tratamientos-y-servicios\/#primaryimage\"},\"datePublished\":\"2020-07-04T23:04:40+00:00\",\"dateModified\":\"2021-03-10T16:52:14+00:00\",\"breadcrumb\":{\"@id\":\"https:\/\/www.spavitabella.cl\/index.php\/tratamientos-y-servicios\/#breadcrumb\"},\"inLanguage\":\"es-CL\",\"potentialAction\":[{\"@type\":\"ReadAction\",\"target\":[\"https:\/\/www.spavitabella.cl\/index.php\/tratamientos-y-servicios\/\"]}]},{\"@type\":\"BreadcrumbList\",\"@id\":\"https:\/\/www.spavitabella.cl\/index.php\/tratamientos-y-servicios\/#breadcrumb\",\"itemListElement\":[{\"@type\":\"ListItem\",\"position\":1,\"item\":{\"@type\":\"WebPage\",\"@id\":\"https:\/\/www.spavitabella.cl\/\",\"url\":\"https:\/\/www.spavitabella.cl\/\",\"name\":\"Portada\"}},{\"@type\":\"ListItem\",\"position\":2,\"item\":{\"@type\":\"WebPage\",\"@id\":\"https:\/\/www.spavitabella.cl\/index.php\/tratamientos-y-servicios\/\",\"url\":\"https:\/\/www.spavitabella.cl\/index.php\/tratamientos-y-servicios\/\",\"name\":\"Tratamientos y Servicios\"}}]}]}<\/script>\n<!-- \/ Yoast SEO plugin. -->","_links":{"self":[{"href":"https:\/\/www.spavitabella.cl\/index.php\/wp-json\/wp\/v2\/pages\/167"}],"collection":[{"href":"https:\/\/www.spavitabella.cl\/index.php\/wp-json\/wp\/v2\/pages"}],"about":[{"href":"https:\/\/www.spavitabella.cl\/index.php\/wp-json\/wp\/v2\/types\/page"}],"author":[{"embeddable":true,"href":"https:\/\/www.spavitabella.cl\/index.php\/wp-json\/wp\/v2\/users\/1"}],"replies":[{"embeddable":true,"href":"https:\/\/www.spavitabella.cl\/index.php\/wp-json\/wp\/v2\/comments?post=167"}],"version-history":[{"count":90,"href":"https:\/\/www.spavitabella.cl\/index.php\/wp-json\/wp\/v2\/pages\/167\/revisions"}],"predecessor-version":[{"id":910,"href":"https:\/\/www.spavitabella.cl\/index.php\/wp-json\/wp\/v2\/pages\/167\/revisions\/910"}],"wp:featuredmedia":[{"embeddable":true,"href":"https:\/\/www.spavitabella.cl\/index.php\/wp-json\/wp\/v2\/media\/305"}],"wp:attachment":[{"href":"https:\/\/www.spavitabella.cl\/index.php\/wp-json\/wp\/v2\/media?parent=167"}],"curies":[{"name":"wp","href":"https:\/\/api.w.org\/{rel}","templated":true}]}}